{"id":1501,"date":"2026-01-31T14:18:11","date_gmt":"2026-01-31T14:18:11","guid":{"rendered":"https:\/\/www.neljastrimester.ee\/?post_type=product&#038;p=1501"},"modified":"2026-01-31T14:58:13","modified_gmt":"2026-01-31T14:58:13","slug":"viis-soojust","status":"publish","type":"product","link":"https:\/\/neljastrimester.ee\/en\/product\/viis-soojust\/","title":{"rendered":"Worksheet: 5 sources of warmth postpartum PDF \ud83c\uddea\ud83c\uddea \ud83c\uddec\ud83c\udde7"},"content":{"rendered":"<p>Free worksheet for mother and partner, designed to help the body and nervous system relax and recover after birth.<\/p>\n<p>&nbsp;<\/p>\n<p>Languages: Estonian \/ English<\/p>","protected":false},"excerpt":{"rendered":"<p>Tasuta t\u00f6\u00f6leht emale ja partnerile, mis aitab kehal ja n\u00e4rvis\u00fcsteemil p\u00e4rast s\u00fcnnitust rahuneda ja taastuda. &nbsp; Keeled: eesti \/ inglise.<\/p>","protected":false},"featured_media":1506,"template":"","meta":{"site-sidebar-layout":"default","site-content-layout":"","ast-site-content-layout":"default","site-content-style":"default","site-sidebar-style":"default","ast-global-header-display":"","ast-banner-title-visibility":"","ast-main-header-display":"","ast-hfb-above-header-display":"","ast-hfb-below-header-display":"","ast-hfb-mobile-header-display":"","site-post-title":"disabled","ast-breadcrumbs-content":"disabled","ast-featured-img":"","footer-sml-layout":"","ast-disable-related-posts":"","theme-transparent-header-meta":"default","adv-header-id-meta":"","stick-header-meta":"","header-above-stick-meta":"","header-main-stick-meta":"","header-below-stick-meta":"","astra-migrate-meta-layouts":"set","ast-page-background-enabled":"default","ast-page-background-meta":{"desktop":{"background-color":"var(--ast-global-color-4)","background-image":"","background-repeat":"repeat","background-position":"center center","background-size":"auto","background-attachment":"scroll","background-type":"","background-media":"","overlay-type":"","overlay-color":"","overlay-opacity":"","overlay-gradient":""},"tablet":{"background-color":"","background-image":"","background-repeat":"repeat","background-position":"center center","background-size":"auto","background-attachment":"scroll","background-type":"","background-media":"","overlay-type":"","overlay-color":"","overlay-opacity":"","overlay-gradient":""},"mobile":{"background-color":"","background-image":"","background-repeat":"repeat","background-position":"center center","background-size":"auto","background-attachment":"scroll","background-type":"","background-media":"","overlay-type":"","overlay-color":"","overlay-opacity":"","overlay-gradient":""}},"ast-content-background-meta":{"desktop":{"background-color":"var(--ast-global-color-5)","background-image":"","background-repeat":"repeat","background-position":"center center","background-size":"auto","background-attachment":"scroll","background-type":"","background-media":"","overlay-type":"","overlay-color":"","overlay-opacity":"","overlay-gradient":""},"tablet":{"background-color":"var(--ast-global-color-5)","background-image":"","background-repeat":"repeat","background-position":"center center","background-size":"auto","background-attachment":"scroll","background-type":"","background-media":"","overlay-type":"","overlay-color":"","overlay-opacity":"","overlay-gradient":""},"mobile":{"background-color":"var(--ast-global-color-5)","background-image":"","background-repeat":"repeat","background-position":"center center","background-size":"auto","background-attachment":"scroll","background-type":"","background-media":"","overlay-type":"","overlay-color":"","overlay-opacity":"","overlay-gradient":""}}},"product_brand":[],"product_cat":[35],"product_tag":[],"class_list":{"0":"post-1501","1":"product","2":"type-product","3":"status-publish","4":"has-post-thumbnail","6":"product_cat-toetus","7":"desktop-align-left","8":"tablet-align-left","9":"mobile-align-left","11":"first","12":"instock","13":"shipping-taxable","14":"purchasable","15":"product-type-variable"},"yoast_head":"<!-- This site is optimized with the Yoast SEO plugin v27.4 - https:\/\/yoast.com\/product\/yoast-seo-wordpress\/ -->\n<title>T\u00f6\u00f6leht: 5 soojust s\u00fcnnitusj\u00e4rgseks ajaks PDF \ud83c\uddea\ud83c\uddea \ud83c\uddec\ud83c\udde7 - Doula Daisi - s\u00fcnnitusj\u00e4rgne tugi<\/title>\n<meta name=\"robots\" content=\"index, follow, max-snippet:-1, max-image-preview:large, max-video-preview:-1\" \/>\n<link rel=\"canonical\" href=\"https:\/\/neljastrimester.ee\/en\/product\/viis-soojust\/\" \/>\n<meta property=\"og:locale\" content=\"en_GB\" \/>\n<meta property=\"og:type\" content=\"article\" \/>\n<meta property=\"og:title\" content=\"T\u00f6\u00f6leht: 5 soojust s\u00fcnnitusj\u00e4rgseks ajaks PDF \ud83c\uddea\ud83c\uddea \ud83c\uddec\ud83c\udde7 - Doula Daisi - s\u00fcnnitusj\u00e4rgne tugi\" \/>\n<meta property=\"og:description\" content=\"Tasuta t\u00f6\u00f6leht emale ja partnerile, mis aitab kehal ja n\u00e4rvis\u00fcsteemil p\u00e4rast s\u00fcnnitust rahuneda ja taastuda. &nbsp; Keeled: eesti \/ inglise.\" \/>\n<meta property=\"og:url\" content=\"https:\/\/neljastrimester.ee\/en\/product\/viis-soojust\/\" \/>\n<meta property=\"og:site_name\" content=\"Doula Daisi - s\u00fcnnitusj\u00e4rgne tugi\" \/>\n<meta property=\"article:publisher\" content=\"https:\/\/www.facebook.com\/douladaisi\" \/>\n<meta property=\"article:modified_time\" content=\"2026-01-31T14:58:13+00:00\" \/>\n<meta property=\"og:image\" content=\"https:\/\/www.neljastrimester.ee\/wp-content\/uploads\/2026\/01\/Orn-tugi-sinu-taastumiseks-ja-hoituseks_20260131_165438_0000-1024x1024.png\" \/>\n\t<meta property=\"og:image:width\" content=\"1024\" \/>\n\t<meta property=\"og:image:height\" content=\"1024\" \/>\n\t<meta property=\"og:image:type\" content=\"image\/png\" \/>\n<meta name=\"twitter:card\" content=\"summary_large_image\" \/>\n<meta name=\"twitter:label1\" content=\"Estimated reading time\" \/>\n\t<meta name=\"twitter:data1\" content=\"1 minute\" \/>\n<script type=\"application\/ld+json\" class=\"yoast-schema-graph\">{\"@context\":\"https:\\\/\\\/schema.org\",\"@graph\":[{\"@type\":\"WebPage\",\"@id\":\"https:\\\/\\\/neljastrimester.ee\\\/toode\\\/viis-soojust\\\/\",\"url\":\"https:\\\/\\\/neljastrimester.ee\\\/toode\\\/viis-soojust\\\/\",\"name\":\"T\u00f6\u00f6leht: 5 soojust s\u00fcnnitusj\u00e4rgseks ajaks PDF \ud83c\uddea\ud83c\uddea \ud83c\uddec\ud83c\udde7 - Doula Daisi - s\u00fcnnitusj\u00e4rgne tugi\",\"isPartOf\":{\"@id\":\"https:\\\/\\\/neljastrimester.ee\\\/#website\"},\"primaryImageOfPage\":{\"@id\":\"https:\\\/\\\/neljastrimester.ee\\\/toode\\\/viis-soojust\\\/#primaryimage\"},\"image\":{\"@id\":\"https:\\\/\\\/neljastrimester.ee\\\/toode\\\/viis-soojust\\\/#primaryimage\"},\"thumbnailUrl\":\"https:\\\/\\\/neljastrimester.ee\\\/wp-content\\\/uploads\\\/2026\\\/01\\\/Orn-tugi-sinu-taastumiseks-ja-hoituseks_20260131_165438_0000.png\",\"datePublished\":\"2026-01-31T14:18:11+00:00\",\"dateModified\":\"2026-01-31T14:58:13+00:00\",\"breadcrumb\":{\"@id\":\"https:\\\/\\\/neljastrimester.ee\\\/toode\\\/viis-soojust\\\/#breadcrumb\"},\"inLanguage\":\"en-GB\",\"potentialAction\":[{\"@type\":\"ReadAction\",\"target\":[\"https:\\\/\\\/neljastrimester.ee\\\/toode\\\/viis-soojust\\\/\"]}]},{\"@type\":\"ImageObject\",\"inLanguage\":\"en-GB\",\"@id\":\"https:\\\/\\\/neljastrimester.ee\\\/toode\\\/viis-soojust\\\/#primaryimage\",\"url\":\"https:\\\/\\\/neljastrimester.ee\\\/wp-content\\\/uploads\\\/2026\\\/01\\\/Orn-tugi-sinu-taastumiseks-ja-hoituseks_20260131_165438_0000.png\",\"contentUrl\":\"https:\\\/\\\/neljastrimester.ee\\\/wp-content\\\/uploads\\\/2026\\\/01\\\/Orn-tugi-sinu-taastumiseks-ja-hoituseks_20260131_165438_0000.png\",\"width\":2252,\"height\":2251},{\"@type\":\"BreadcrumbList\",\"@id\":\"https:\\\/\\\/neljastrimester.ee\\\/toode\\\/viis-soojust\\\/#breadcrumb\",\"itemListElement\":[{\"@type\":\"ListItem\",\"position\":1,\"name\":\"Home\",\"item\":\"https:\\\/\\\/neljastrimester.ee\\\/\"},{\"@type\":\"ListItem\",\"position\":2,\"name\":\"\u00d5pi ja koge\",\"item\":\"https:\\\/\\\/neljastrimester.ee\\\/pood\\\/\"},{\"@type\":\"ListItem\",\"position\":3,\"name\":\"T\u00f6\u00f6leht: 5 soojust s\u00fcnnitusj\u00e4rgseks ajaks PDF \ud83c\uddea\ud83c\uddea \ud83c\uddec\ud83c\udde7\"}]},{\"@type\":\"WebSite\",\"@id\":\"https:\\\/\\\/neljastrimester.ee\\\/#website\",\"url\":\"https:\\\/\\\/neljastrimester.ee\\\/\",\"name\":\"Doula Daisi - s\u00fcnnitusj\u00e4rgne tugi, imetamisn\u00f5ustamine\",\"description\":\"S\u00fcnnitusj\u00e4rgne plaan, beebipeod, imetamisn\u00f5ustamine\",\"publisher\":{\"@id\":\"https:\\\/\\\/neljastrimester.ee\\\/#organization\"},\"potentialAction\":[{\"@type\":\"SearchAction\",\"target\":{\"@type\":\"EntryPoint\",\"urlTemplate\":\"https:\\\/\\\/neljastrimester.ee\\\/?s={search_term_string}\"},\"query-input\":{\"@type\":\"PropertyValueSpecification\",\"valueRequired\":true,\"valueName\":\"search_term_string\"}}],\"inLanguage\":\"en-GB\"},{\"@type\":\"Organization\",\"@id\":\"https:\\\/\\\/neljastrimester.ee\\\/#organization\",\"name\":\"Doula Daisi - s\u00fcnnitusj\u00e4rgne tugi, imetamisn\u00f5ustamine\",\"url\":\"https:\\\/\\\/neljastrimester.ee\\\/\",\"logo\":{\"@type\":\"ImageObject\",\"inLanguage\":\"en-GB\",\"@id\":\"https:\\\/\\\/neljastrimester.ee\\\/#\\\/schema\\\/logo\\\/image\\\/\",\"url\":\"https:\\\/\\\/neljastrimester.ee\\\/wp-content\\\/uploads\\\/2023\\\/08\\\/Doula-Daisi_LOGO.jpg\",\"contentUrl\":\"https:\\\/\\\/neljastrimester.ee\\\/wp-content\\\/uploads\\\/2023\\\/08\\\/Doula-Daisi_LOGO.jpg\",\"width\":533,\"height\":533,\"caption\":\"Doula Daisi - s\u00fcnnitusj\u00e4rgne tugi, imetamisn\u00f5ustamine\"},\"image\":{\"@id\":\"https:\\\/\\\/neljastrimester.ee\\\/#\\\/schema\\\/logo\\\/image\\\/\"},\"sameAs\":[\"https:\\\/\\\/www.facebook.com\\\/douladaisi\",\"https:\\\/\\\/instagram.com\\\/douladaisi\"]}]}<\/script>\n<!-- \/ Yoast SEO plugin. -->","yoast_head_json":{"title":"T\u00f6\u00f6leht: 5 soojust s\u00fcnnitusj\u00e4rgseks ajaks PDF \ud83c\uddea\ud83c\uddea \ud83c\uddec\ud83c\udde7 - Doula Daisi - s\u00fcnnitusj\u00e4rgne tugi","robots":{"index":"index","follow":"follow","max-snippet":"max-snippet:-1","max-image-preview":"max-image-preview:large","max-video-preview":"max-video-preview:-1"},"canonical":"https:\/\/neljastrimester.ee\/en\/product\/viis-soojust\/","og_locale":"en_GB","og_type":"article","og_title":"T\u00f6\u00f6leht: 5 soojust s\u00fcnnitusj\u00e4rgseks ajaks PDF \ud83c\uddea\ud83c\uddea \ud83c\uddec\ud83c\udde7 - Doula Daisi - s\u00fcnnitusj\u00e4rgne tugi","og_description":"Tasuta t\u00f6\u00f6leht emale ja partnerile, mis aitab kehal ja n\u00e4rvis\u00fcsteemil p\u00e4rast s\u00fcnnitust rahuneda ja taastuda. &nbsp; Keeled: eesti \/ inglise.","og_url":"https:\/\/neljastrimester.ee\/en\/product\/viis-soojust\/","og_site_name":"Doula Daisi - s\u00fcnnitusj\u00e4rgne tugi","article_publisher":"https:\/\/www.facebook.com\/douladaisi","article_modified_time":"2026-01-31T14:58:13+00:00","og_image":[{"width":1024,"height":1024,"url":"https:\/\/www.neljastrimester.ee\/wp-content\/uploads\/2026\/01\/Orn-tugi-sinu-taastumiseks-ja-hoituseks_20260131_165438_0000-1024x1024.png","type":"image\/png"}],"twitter_card":"summary_large_image","twitter_misc":{"Estimated reading time":"1 minute"},"schema":{"@context":"https:\/\/schema.org","@graph":[{"@type":"WebPage","@id":"https:\/\/neljastrimester.ee\/toode\/viis-soojust\/","url":"https:\/\/neljastrimester.ee\/toode\/viis-soojust\/","name":"T\u00f6\u00f6leht: 5 soojust s\u00fcnnitusj\u00e4rgseks ajaks PDF \ud83c\uddea\ud83c\uddea \ud83c\uddec\ud83c\udde7 - Doula Daisi - s\u00fcnnitusj\u00e4rgne tugi","isPartOf":{"@id":"https:\/\/neljastrimester.ee\/#website"},"primaryImageOfPage":{"@id":"https:\/\/neljastrimester.ee\/toode\/viis-soojust\/#primaryimage"},"image":{"@id":"https:\/\/neljastrimester.ee\/toode\/viis-soojust\/#primaryimage"},"thumbnailUrl":"https:\/\/neljastrimester.ee\/wp-content\/uploads\/2026\/01\/Orn-tugi-sinu-taastumiseks-ja-hoituseks_20260131_165438_0000.png","datePublished":"2026-01-31T14:18:11+00:00","dateModified":"2026-01-31T14:58:13+00:00","breadcrumb":{"@id":"https:\/\/neljastrimester.ee\/toode\/viis-soojust\/#breadcrumb"},"inLanguage":"en-GB","potentialAction":[{"@type":"ReadAction","target":["https:\/\/neljastrimester.ee\/toode\/viis-soojust\/"]}]},{"@type":"ImageObject","inLanguage":"en-GB","@id":"https:\/\/neljastrimester.ee\/toode\/viis-soojust\/#primaryimage","url":"https:\/\/neljastrimester.ee\/wp-content\/uploads\/2026\/01\/Orn-tugi-sinu-taastumiseks-ja-hoituseks_20260131_165438_0000.png","contentUrl":"https:\/\/neljastrimester.ee\/wp-content\/uploads\/2026\/01\/Orn-tugi-sinu-taastumiseks-ja-hoituseks_20260131_165438_0000.png","width":2252,"height":2251},{"@type":"BreadcrumbList","@id":"https:\/\/neljastrimester.ee\/toode\/viis-soojust\/#breadcrumb","itemListElement":[{"@type":"ListItem","position":1,"name":"Home","item":"https:\/\/neljastrimester.ee\/"},{"@type":"ListItem","position":2,"name":"\u00d5pi ja koge","item":"https:\/\/neljastrimester.ee\/pood\/"},{"@type":"ListItem","position":3,"name":"T\u00f6\u00f6leht: 5 soojust s\u00fcnnitusj\u00e4rgseks ajaks PDF \ud83c\uddea\ud83c\uddea \ud83c\uddec\ud83c\udde7"}]},{"@type":"WebSite","@id":"https:\/\/neljastrimester.ee\/#website","url":"https:\/\/neljastrimester.ee\/","name":"Doula Daisi - postpartum doula, day doula, night doula, lactation consultant","description":"S\u00fcnnitusj\u00e4rgne plaan, beebipeod, imetamisn\u00f5ustamine","publisher":{"@id":"https:\/\/neljastrimester.ee\/#organization"},"potentialAction":[{"@type":"SearchAction","target":{"@type":"EntryPoint","urlTemplate":"https:\/\/neljastrimester.ee\/?s={search_term_string}"},"query-input":{"@type":"PropertyValueSpecification","valueRequired":true,"valueName":"search_term_string"}}],"inLanguage":"en-GB"},{"@type":"Organization","@id":"https:\/\/neljastrimester.ee\/#organization","name":"Doula Daisi - postpartum doula, day doula, night doula, lactation consultant","url":"https:\/\/neljastrimester.ee\/","logo":{"@type":"ImageObject","inLanguage":"en-GB","@id":"https:\/\/neljastrimester.ee\/#\/schema\/logo\/image\/","url":"https:\/\/neljastrimester.ee\/wp-content\/uploads\/2023\/08\/Doula-Daisi_LOGO.jpg","contentUrl":"https:\/\/neljastrimester.ee\/wp-content\/uploads\/2023\/08\/Doula-Daisi_LOGO.jpg","width":533,"height":533,"caption":"Doula Daisi - s\u00fcnnitusj\u00e4rgne tugi, imetamisn\u00f5ustamine"},"image":{"@id":"https:\/\/neljastrimester.ee\/#\/schema\/logo\/image\/"},"sameAs":["https:\/\/www.facebook.com\/douladaisi","https:\/\/instagram.com\/douladaisi"]}]}},"_links":{"self":[{"href":"https:\/\/neljastrimester.ee\/en\/wp-json\/wp\/v2\/product\/1501","targetHints":{"allow":["GET"]}}],"collection":[{"href":"https:\/\/neljastrimester.ee\/en\/wp-json\/wp\/v2\/product"}],"about":[{"href":"https:\/\/neljastrimester.ee\/en\/wp-json\/wp\/v2\/types\/product"}],"wp:featuredmedia":[{"embeddable":true,"href":"https:\/\/neljastrimester.ee\/en\/wp-json\/wp\/v2\/media\/1506"}],"wp:attachment":[{"href":"https:\/\/neljastrimester.ee\/en\/wp-json\/wp\/v2\/media?parent=1501"}],"wp:term":[{"taxonomy":"product_brand","embeddable":true,"href":"https:\/\/neljastrimester.ee\/en\/wp-json\/wp\/v2\/product_brand?post=1501"},{"taxonomy":"product_cat","embeddable":true,"href":"https:\/\/neljastrimester.ee\/en\/wp-json\/wp\/v2\/product_cat?post=1501"},{"taxonomy":"product_tag","embeddable":true,"href":"https:\/\/neljastrimester.ee\/en\/wp-json\/wp\/v2\/product_tag?post=1501"}],"curies":[{"name":"wp","href":"https:\/\/api.w.org\/{rel}","templated":true}]}}