{"id":651,"date":"2024-03-19T11:11:42","date_gmt":"2024-03-19T11:11:42","guid":{"rendered":"https:\/\/neljastrimester.ee\/?page_id=651"},"modified":"2026-01-25T04:17:39","modified_gmt":"2026-01-25T04:17:39","slug":"kookonhoolitsus","status":"publish","type":"page","link":"https:\/\/neljastrimester.ee\/en\/kookonhoolitsus\/","title":{"rendered":"Closing the bones postpartum ritual"},"content":{"rendered":"<h1 style=\"text-align: left;\"><img loading=\"lazy\" decoding=\"async\" class=\"aligncenter wp-image-717 size-large\" src=\"https:\/\/neljastrimester.ee\/wp-content\/uploads\/2024\/04\/amy-treasure-4aSCchQ1hzk-unsplash-1024x683.jpg\" alt=\"\" width=\"1024\" height=\"683\" srcset=\"https:\/\/www.neljastrimester.ee\/wp-content\/uploads\/2024\/04\/amy-treasure-4aSCchQ1hzk-unsplash-1024x683.jpg 1024w, https:\/\/www.neljastrimester.ee\/wp-content\/uploads\/2024\/04\/amy-treasure-4aSCchQ1hzk-unsplash-600x400.jpg 600w, https:\/\/www.neljastrimester.ee\/wp-content\/uploads\/2024\/04\/amy-treasure-4aSCchQ1hzk-unsplash-300x200.jpg 300w, https:\/\/www.neljastrimester.ee\/wp-content\/uploads\/2024\/04\/amy-treasure-4aSCchQ1hzk-unsplash-768x512.jpg 768w, https:\/\/www.neljastrimester.ee\/wp-content\/uploads\/2024\/04\/amy-treasure-4aSCchQ1hzk-unsplash-1536x1024.jpg 1536w, https:\/\/www.neljastrimester.ee\/wp-content\/uploads\/2024\/04\/amy-treasure-4aSCchQ1hzk-unsplash-2048x1365.jpg 2048w, https:\/\/www.neljastrimester.ee\/wp-content\/uploads\/2024\/04\/amy-treasure-4aSCchQ1hzk-unsplash-18x12.jpg 18w\" sizes=\"auto, (max-width: 1024px) 100vw, 1024px\" \/>Closing the bones postpartum ritual<\/h1>\n<p>Closing the bones postpartum ritual is the most wonderful gift to treat yourself to after the birth of your baby. It is a ritual filled with tenderness and support, celebrating the beginning of a new journey of motherhood. The support known as cocooning in Estonian has many different names elsewhere, including a closing ceremony, a mother's warming ceremony, and a motherhood ceremony.<\/p>\n<p>Closing the bones ritual is a deeply healing tradition that celebrates the end of one journey and the beginning of another. It supports a woman's recovery after becoming a mother on many different levels. Physically, closing ceremony helps restore balance in the body, supports uterine contractions, and increases blood flow. Emotionally, closing the bones is a grounding and calming practice that helps release the tension accumulated during pregnancy and childbirth, and provides an opportunity for the soul to heal in moments of silence and peace. Spiritually, childbirth is seen as a woman's opening up to another world to receive her child - the ritual helps close the door between worlds and safely return a woman to her center.<\/p>\n<p>The care consists of several different practices, all of which support the mother. I pamper you with plants, sounds and warmth, I rock, caress and swaddle you like a newborn baby, because the needs of a mother and baby are often very similar.<\/p>\n<p>During the 5-hour support, I offer my full commitment:<\/p>\n<ul>\n<li>With your help, I will select spices to make a warming postpartum drink<\/li>\n<li>I will help you to gently and softly unravel your birth experience or any other journey that needs support<\/li>\n<li>Loon turvalise keskkonna ja kuulan sinu keha ja hinge &#8211; mida jutustab tema oma kogemustest?<\/li>\n<li>I will prepare a relaxing flower bath for the whole body or just the feet to celebrate your journey<\/li>\n<li>I will rock you into deep relaxation with rebozo scarves<\/li>\n<li>I will pamper you with the power of plants, offering a special herbal bag massage<\/li>\n<li>I will support postpartum recovery with a rich oil belly massage<\/li>\n<li>I will wrap you in a supportive cocoon using 9 sheets, symbolizing the 9 months of pregnancy. I will give you time to heal and then be reborn, fly, and flourish.<\/li>\n<li>I take your pace, wishes, and feelings into account at every step.<\/li>\n<\/ul>\n<p>When?<\/p>\n<ul>\n<li>Postpartum care is suitable for women who have given birth at least 2 weeks ago (longer in the case of a cesarean section).<\/li>\n<li>Postpartum care is suitable for women who have given birth many years ago.<\/li>\n<li>Postpartum care is suitable for women who need support in closing a completely different journey, e.g., miscarriage, end of the breastfeeding, or leaving a relationship.<\/li>\n<\/ul>\n<p>Where?<\/p>\n<p>I will provide closing the bones ritual at your home so that you can receive my support as comfortably as possible. It would be nice if someone could be with your baby during this time and bring the baby to you for feedings and for moments when you miss your baby.<\/p>\n<p>Price: 300 EUR.<\/p>\n<p>Location: Tallinn, Harjumaa<\/p>\n<p>To give yourself or a loved one the gift of closing the bones ritual, contact me <a href=\"https:\/\/neljastrimester.ee\/en\/broneeri-sunnitusjargne-toetus\/\">here<\/a>.<\/p>","protected":false},"excerpt":{"rendered":"<p>Kookonhoolitsus Kookonhoolitsus on k\u00f5ige imelisem kingitus, millega end hellitada p\u00e4rast beebi s\u00fcndi. See on hellust ja toetust tulvil rituaal, millega t\u00e4histatakse uue emadusteekonna algust. Eestis kookonhoolitsuseks nimetatav toetus kannab mujal mitmeid erinevaid nimesid, seda kutsutakse nii sulgemistseremooniaks, ema soojendamiseks kui ka emaduse tseremooniaks. Kookonhoolitsus on s\u00fcgavuti tervendav traditsioon, millega t\u00e4histatakse \u00fche teekonna l\u00f5ppu ja teise [&hellip;]<\/p>\n","protected":false},"author":2,"featured_media":0,"parent":0,"menu_order":0,"comment_status":"closed","ping_status":"closed","template":"","meta":{"site-sidebar-layout":"default","site-content-layout":"","ast-site-content-layout":"normal-width-container","site-content-style":"unboxed","site-sidebar-style":"unboxed","ast-global-header-display":"","ast-banner-title-visibility":"","ast-main-header-display":"","ast-hfb-above-header-display":"","ast-hfb-below-header-display":"","ast-hfb-mobile-header-display":"","site-post-title":"disabled","ast-breadcrumbs-content":"","ast-featured-img":"disabled","footer-sml-layout":"","ast-disable-related-posts":"","theme-transparent-header-meta":"default","adv-header-id-meta":"","stick-header-meta":"","header-above-stick-meta":"","header-main-stick-meta":"","header-below-stick-meta":"","astra-migrate-meta-layouts":"set","ast-page-background-enabled":"default","ast-page-background-meta":{"desktop":{"background-color":"var(--ast-global-color-4)","background-image":"","background-repeat":"repeat","background-position":"center center","background-size":"auto","background-attachment":"scroll","background-type":"","background-media":"","overlay-type":"","overlay-color":"","overlay-opacity":"","overlay-gradient":""},"tablet":{"background-color":"","background-image":"","background-repeat":"repeat","background-position":"center center","background-size":"auto","background-attachment":"scroll","background-type":"","background-media":"","overlay-type":"","overlay-color":"","overlay-opacity":"","overlay-gradient":""},"mobile":{"background-color":"","background-image":"","background-repeat":"repeat","background-position":"center center","background-size":"auto","background-attachment":"scroll","background-type":"","background-media":"","overlay-type":"","overlay-color":"","overlay-opacity":"","overlay-gradient":""}},"ast-content-background-meta":{"desktop":{"background-color":"var(--ast-global-color-5)","background-image":"","background-repeat":"repeat","background-position":"center center","background-size":"auto","background-attachment":"scroll","background-type":"","background-media":"","overlay-type":"","overlay-color":"","overlay-opacity":"","overlay-gradient":""},"tablet":{"background-color":"var(--ast-global-color-5)","background-image":"","background-repeat":"repeat","background-position":"center center","background-size":"auto","background-attachment":"scroll","background-type":"","background-media":"","overlay-type":"","overlay-color":"","overlay-opacity":"","overlay-gradient":""},"mobile":{"background-color":"var(--ast-global-color-5)","background-image":"","background-repeat":"repeat","background-position":"center center","background-size":"auto","background-attachment":"scroll","background-type":"","background-media":"","overlay-type":"","overlay-color":"","overlay-opacity":"","overlay-gradient":""}},"footnotes":""},"class_list":["post-651","page","type-page","status-publish","hentry"],"yoast_head":"<!-- This site is optimized with the Yoast SEO plugin v27.3 - https:\/\/yoast.com\/product\/yoast-seo-wordpress\/ -->\n<title>Kookonhoolitsus - Doula Daisi - s\u00fcnnitusj\u00e4rgne tugi<\/title>\n<meta name=\"description\" content=\"s\u00fcnnitusj\u00e4rgne doula hoolitsus, kehahoolitsus, neljas trimester, massaa\u017e, s\u00fcnnitusest taastumine, closing the bones\" \/>\n<meta name=\"robots\" content=\"index, follow, max-snippet:-1, max-image-preview:large, max-video-preview:-1\" \/>\n<link rel=\"canonical\" href=\"https:\/\/neljastrimester.ee\/en\/kookonhoolitsus\/\" \/>\n<meta property=\"og:locale\" content=\"en_GB\" \/>\n<meta property=\"og:type\" content=\"article\" \/>\n<meta property=\"og:title\" content=\"Kookonhoolitsus - Doula Daisi - s\u00fcnnitusj\u00e4rgne tugi\" \/>\n<meta property=\"og:description\" content=\"s\u00fcnnitusj\u00e4rgne doula hoolitsus, kehahoolitsus, neljas trimester, massaa\u017e, s\u00fcnnitusest taastumine, closing the bones\" \/>\n<meta property=\"og:url\" content=\"https:\/\/neljastrimester.ee\/en\/kookonhoolitsus\/\" \/>\n<meta property=\"og:site_name\" content=\"Doula Daisi - s\u00fcnnitusj\u00e4rgne tugi\" \/>\n<meta property=\"article:publisher\" content=\"https:\/\/www.facebook.com\/douladaisi\" \/>\n<meta property=\"article:modified_time\" content=\"2026-01-25T04:17:39+00:00\" \/>\n<meta property=\"og:image\" content=\"https:\/\/neljastrimester.ee\/wp-content\/uploads\/2024\/04\/amy-treasure-4aSCchQ1hzk-unsplash-1024x683.jpg\" \/>\n<meta name=\"twitter:card\" content=\"summary_large_image\" \/>\n<meta name=\"twitter:label1\" content=\"Estimated reading time\" \/>\n\t<meta name=\"twitter:data1\" content=\"3 minutes\" \/>\n<script type=\"application\/ld+json\" class=\"yoast-schema-graph\">{\"@context\":\"https:\\\/\\\/schema.org\",\"@graph\":[{\"@type\":\"WebPage\",\"@id\":\"https:\\\/\\\/neljastrimester.ee\\\/kookonhoolitsus\\\/\",\"url\":\"https:\\\/\\\/neljastrimester.ee\\\/kookonhoolitsus\\\/\",\"name\":\"Kookonhoolitsus - Doula Daisi - s\u00fcnnitusj\u00e4rgne tugi\",\"isPartOf\":{\"@id\":\"https:\\\/\\\/neljastrimester.ee\\\/#website\"},\"primaryImageOfPage\":{\"@id\":\"https:\\\/\\\/neljastrimester.ee\\\/kookonhoolitsus\\\/#primaryimage\"},\"image\":{\"@id\":\"https:\\\/\\\/neljastrimester.ee\\\/kookonhoolitsus\\\/#primaryimage\"},\"thumbnailUrl\":\"https:\\\/\\\/neljastrimester.ee\\\/wp-content\\\/uploads\\\/2024\\\/04\\\/amy-treasure-4aSCchQ1hzk-unsplash-1024x683.jpg\",\"datePublished\":\"2024-03-19T11:11:42+00:00\",\"dateModified\":\"2026-01-25T04:17:39+00:00\",\"description\":\"s\u00fcnnitusj\u00e4rgne doula hoolitsus, kehahoolitsus, neljas trimester, massaa\u017e, s\u00fcnnitusest taastumine, closing the bones\",\"breadcrumb\":{\"@id\":\"https:\\\/\\\/neljastrimester.ee\\\/kookonhoolitsus\\\/#breadcrumb\"},\"inLanguage\":\"en-GB\",\"potentialAction\":[{\"@type\":\"ReadAction\",\"target\":[\"https:\\\/\\\/neljastrimester.ee\\\/kookonhoolitsus\\\/\"]}]},{\"@type\":\"ImageObject\",\"inLanguage\":\"en-GB\",\"@id\":\"https:\\\/\\\/neljastrimester.ee\\\/kookonhoolitsus\\\/#primaryimage\",\"url\":\"https:\\\/\\\/neljastrimester.ee\\\/wp-content\\\/uploads\\\/2024\\\/04\\\/amy-treasure-4aSCchQ1hzk-unsplash-1024x683.jpg\",\"contentUrl\":\"https:\\\/\\\/neljastrimester.ee\\\/wp-content\\\/uploads\\\/2024\\\/04\\\/amy-treasure-4aSCchQ1hzk-unsplash-1024x683.jpg\"},{\"@type\":\"BreadcrumbList\",\"@id\":\"https:\\\/\\\/neljastrimester.ee\\\/kookonhoolitsus\\\/#breadcrumb\",\"itemListElement\":[{\"@type\":\"ListItem\",\"position\":1,\"name\":\"Home\",\"item\":\"https:\\\/\\\/neljastrimester.ee\\\/\"},{\"@type\":\"ListItem\",\"position\":2,\"name\":\"Kookonhoolitsus\"}]},{\"@type\":\"WebSite\",\"@id\":\"https:\\\/\\\/neljastrimester.ee\\\/#website\",\"url\":\"https:\\\/\\\/neljastrimester.ee\\\/\",\"name\":\"Doula Daisi - s\u00fcnnitusj\u00e4rgne tugi, imetamisn\u00f5ustamine\",\"description\":\"S\u00fcnnitusj\u00e4rgne plaan, beebipeod, imetamisn\u00f5ustamine\",\"publisher\":{\"@id\":\"https:\\\/\\\/neljastrimester.ee\\\/#organization\"},\"potentialAction\":[{\"@type\":\"SearchAction\",\"target\":{\"@type\":\"EntryPoint\",\"urlTemplate\":\"https:\\\/\\\/neljastrimester.ee\\\/?s={search_term_string}\"},\"query-input\":{\"@type\":\"PropertyValueSpecification\",\"valueRequired\":true,\"valueName\":\"search_term_string\"}}],\"inLanguage\":\"en-GB\"},{\"@type\":\"Organization\",\"@id\":\"https:\\\/\\\/neljastrimester.ee\\\/#organization\",\"name\":\"Doula Daisi - s\u00fcnnitusj\u00e4rgne tugi, imetamisn\u00f5ustamine\",\"url\":\"https:\\\/\\\/neljastrimester.ee\\\/\",\"logo\":{\"@type\":\"ImageObject\",\"inLanguage\":\"en-GB\",\"@id\":\"https:\\\/\\\/neljastrimester.ee\\\/#\\\/schema\\\/logo\\\/image\\\/\",\"url\":\"https:\\\/\\\/www.neljastrimester.ee\\\/wp-content\\\/uploads\\\/2023\\\/08\\\/Doula-Daisi_LOGO.jpg\",\"contentUrl\":\"https:\\\/\\\/www.neljastrimester.ee\\\/wp-content\\\/uploads\\\/2023\\\/08\\\/Doula-Daisi_LOGO.jpg\",\"width\":533,\"height\":533,\"caption\":\"Doula Daisi - s\u00fcnnitusj\u00e4rgne tugi, imetamisn\u00f5ustamine\"},\"image\":{\"@id\":\"https:\\\/\\\/neljastrimester.ee\\\/#\\\/schema\\\/logo\\\/image\\\/\"},\"sameAs\":[\"https:\\\/\\\/www.facebook.com\\\/douladaisi\",\"https:\\\/\\\/instagram.com\\\/douladaisi\"]}]}<\/script>\n<!-- \/ Yoast SEO plugin. -->","yoast_head_json":{"title":"Kookonhoolitsus - Doula Daisi - s\u00fcnnitusj\u00e4rgne tugi","description":"s\u00fcnnitusj\u00e4rgne doula hoolitsus, kehahoolitsus, neljas trimester, massaa\u017e, s\u00fcnnitusest taastumine, closing the bones","robots":{"index":"index","follow":"follow","max-snippet":"max-snippet:-1","max-image-preview":"max-image-preview:large","max-video-preview":"max-video-preview:-1"},"canonical":"https:\/\/neljastrimester.ee\/en\/kookonhoolitsus\/","og_locale":"en_GB","og_type":"article","og_title":"Kookonhoolitsus - Doula Daisi - s\u00fcnnitusj\u00e4rgne tugi","og_description":"s\u00fcnnitusj\u00e4rgne doula hoolitsus, kehahoolitsus, neljas trimester, massaa\u017e, s\u00fcnnitusest taastumine, closing the bones","og_url":"https:\/\/neljastrimester.ee\/en\/kookonhoolitsus\/","og_site_name":"Doula Daisi - s\u00fcnnitusj\u00e4rgne tugi","article_publisher":"https:\/\/www.facebook.com\/douladaisi","article_modified_time":"2026-01-25T04:17:39+00:00","og_image":[{"url":"https:\/\/neljastrimester.ee\/wp-content\/uploads\/2024\/04\/amy-treasure-4aSCchQ1hzk-unsplash-1024x683.jpg","type":"","width":"","height":""}],"twitter_card":"summary_large_image","twitter_misc":{"Estimated reading time":"3 minutes"},"schema":{"@context":"https:\/\/schema.org","@graph":[{"@type":"WebPage","@id":"https:\/\/neljastrimester.ee\/kookonhoolitsus\/","url":"https:\/\/neljastrimester.ee\/kookonhoolitsus\/","name":"Kookonhoolitsus - Doula Daisi - s\u00fcnnitusj\u00e4rgne tugi","isPartOf":{"@id":"https:\/\/neljastrimester.ee\/#website"},"primaryImageOfPage":{"@id":"https:\/\/neljastrimester.ee\/kookonhoolitsus\/#primaryimage"},"image":{"@id":"https:\/\/neljastrimester.ee\/kookonhoolitsus\/#primaryimage"},"thumbnailUrl":"https:\/\/neljastrimester.ee\/wp-content\/uploads\/2024\/04\/amy-treasure-4aSCchQ1hzk-unsplash-1024x683.jpg","datePublished":"2024-03-19T11:11:42+00:00","dateModified":"2026-01-25T04:17:39+00:00","description":"s\u00fcnnitusj\u00e4rgne doula hoolitsus, kehahoolitsus, neljas trimester, massaa\u017e, s\u00fcnnitusest taastumine, closing the bones","breadcrumb":{"@id":"https:\/\/neljastrimester.ee\/kookonhoolitsus\/#breadcrumb"},"inLanguage":"en-GB","potentialAction":[{"@type":"ReadAction","target":["https:\/\/neljastrimester.ee\/kookonhoolitsus\/"]}]},{"@type":"ImageObject","inLanguage":"en-GB","@id":"https:\/\/neljastrimester.ee\/kookonhoolitsus\/#primaryimage","url":"https:\/\/neljastrimester.ee\/wp-content\/uploads\/2024\/04\/amy-treasure-4aSCchQ1hzk-unsplash-1024x683.jpg","contentUrl":"https:\/\/neljastrimester.ee\/wp-content\/uploads\/2024\/04\/amy-treasure-4aSCchQ1hzk-unsplash-1024x683.jpg"},{"@type":"BreadcrumbList","@id":"https:\/\/neljastrimester.ee\/kookonhoolitsus\/#breadcrumb","itemListElement":[{"@type":"ListItem","position":1,"name":"Home","item":"https:\/\/neljastrimester.ee\/"},{"@type":"ListItem","position":2,"name":"Kookonhoolitsus"}]},{"@type":"WebSite","@id":"https:\/\/neljastrimester.ee\/#website","url":"https:\/\/neljastrimester.ee\/","name":"Doula Daisi - postpartum doula, day doula, night doula, lactation consultant","description":"S\u00fcnnitusj\u00e4rgne plaan, beebipeod, imetamisn\u00f5ustamine","publisher":{"@id":"https:\/\/neljastrimester.ee\/#organization"},"potentialAction":[{"@type":"SearchAction","target":{"@type":"EntryPoint","urlTemplate":"https:\/\/neljastrimester.ee\/?s={search_term_string}"},"query-input":{"@type":"PropertyValueSpecification","valueRequired":true,"valueName":"search_term_string"}}],"inLanguage":"en-GB"},{"@type":"Organization","@id":"https:\/\/neljastrimester.ee\/#organization","name":"Doula Daisi - postpartum doula, day doula, night doula, lactation consultant","url":"https:\/\/neljastrimester.ee\/","logo":{"@type":"ImageObject","inLanguage":"en-GB","@id":"https:\/\/neljastrimester.ee\/#\/schema\/logo\/image\/","url":"https:\/\/www.neljastrimester.ee\/wp-content\/uploads\/2023\/08\/Doula-Daisi_LOGO.jpg","contentUrl":"https:\/\/www.neljastrimester.ee\/wp-content\/uploads\/2023\/08\/Doula-Daisi_LOGO.jpg","width":533,"height":533,"caption":"Doula Daisi - s\u00fcnnitusj\u00e4rgne tugi, imetamisn\u00f5ustamine"},"image":{"@id":"https:\/\/neljastrimester.ee\/#\/schema\/logo\/image\/"},"sameAs":["https:\/\/www.facebook.com\/douladaisi","https:\/\/instagram.com\/douladaisi"]}]}},"_links":{"self":[{"href":"https:\/\/neljastrimester.ee\/en\/wp-json\/wp\/v2\/pages\/651","targetHints":{"allow":["GET"]}}],"collection":[{"href":"https:\/\/neljastrimester.ee\/en\/wp-json\/wp\/v2\/pages"}],"about":[{"href":"https:\/\/neljastrimester.ee\/en\/wp-json\/wp\/v2\/types\/page"}],"author":[{"embeddable":true,"href":"https:\/\/neljastrimester.ee\/en\/wp-json\/wp\/v2\/users\/2"}],"replies":[{"embeddable":true,"href":"https:\/\/neljastrimester.ee\/en\/wp-json\/wp\/v2\/comments?post=651"}],"version-history":[{"count":5,"href":"https:\/\/neljastrimester.ee\/en\/wp-json\/wp\/v2\/pages\/651\/revisions"}],"predecessor-version":[{"id":1339,"href":"https:\/\/neljastrimester.ee\/en\/wp-json\/wp\/v2\/pages\/651\/revisions\/1339"}],"wp:attachment":[{"href":"https:\/\/neljastrimester.ee\/en\/wp-json\/wp\/v2\/media?parent=651"}],"curies":[{"name":"wp","href":"https:\/\/api.w.org\/{rel}","templated":true}]}}