{"id":23,"date":"2023-03-21T10:22:41","date_gmt":"2023-03-21T10:22:41","guid":{"rendered":"https:\/\/neljastrimester.ee\/?page_id=23"},"modified":"2026-01-26T23:08:06","modified_gmt":"2026-01-26T23:08:06","slug":"broneeri-sunnitusjargne-toetus","status":"publish","type":"page","link":"https:\/\/neljastrimester.ee\/en\/broneeri-sunnitusjargne-toetus\/","title":{"rendered":"Book support"},"content":{"rendered":"<h4 style=\"text-align: center;\"><\/h4>\n<p>If you feel that I might be able to support you, you\u2019re warmly welcome to get in touch \u2013 mail to: doula@neljastrimester.ee, call or use WhatsApp messaging : +372372 5198 0345, or reach out via the contact form.\n\nYou can book a postpartum planning session and other online consultations directly through the calendar, at a time that feels right for you.<\/p>\n<p><a style=\"display: inline-block; margin-top: 1em; background-color: #f4c8c6; color: #fff; padding: 0.8em 1.6em; border-radius: 40px; text-decoration: none; font-weight: 500; transition: all 0.3s ease;\" href=\"https:\/\/neljastrimester.ee\/en\/kontaktivorm\/\">Contact form<\/a><\/p>\n<p><a style=\"display: inline-block; margin-top: 1em; background-color: #f4c8c6; color: #fff; padding: 0.8em 1.6em; border-radius: 40px; text-decoration: none; font-weight: 500; transition: all 0.3s ease;\" href=\"https:\/\/neljastrimester.ee\/en\/pood\/\">Postpartum plan, online support<\/a><\/p>\n<div class=\"pv-grid\">\n<aside class=\"pv-left\">\n<div class=\"pv-box\"><\/div>\n<\/aside>\n<\/div>\n<p>\u2728 I\u2019m here to help you gently plan and weave tenderness, care, support, and new understanding into your postpartum season.<\/p>\n<p style=\"text-align: center;\">Your doula, Daisi<\/p>\n<p><img loading=\"lazy\" decoding=\"async\" class=\"aligncenter wp-image-220 size-medium\" src=\"https:\/\/neljastrimester.ee\/wp-content\/uploads\/2023\/03\/2C1D54C6-2C16-4753-AB52-E387241AF6DE-300x214.jpeg\" alt=\"Hell s\u00fcnnitusj\u00e4rgne toetus\" width=\"300\" height=\"214\" srcset=\"https:\/\/neljastrimester.ee\/wp-content\/uploads\/2023\/03\/2C1D54C6-2C16-4753-AB52-E387241AF6DE-300x214.jpeg 300w, https:\/\/neljastrimester.ee\/wp-content\/uploads\/2023\/03\/2C1D54C6-2C16-4753-AB52-E387241AF6DE-600x429.jpeg 600w, https:\/\/neljastrimester.ee\/wp-content\/uploads\/2023\/03\/2C1D54C6-2C16-4753-AB52-E387241AF6DE-1024x732.jpeg 1024w, https:\/\/neljastrimester.ee\/wp-content\/uploads\/2023\/03\/2C1D54C6-2C16-4753-AB52-E387241AF6DE-768x549.jpeg 768w, https:\/\/neljastrimester.ee\/wp-content\/uploads\/2023\/03\/2C1D54C6-2C16-4753-AB52-E387241AF6DE-1536x1097.jpeg 1536w, https:\/\/neljastrimester.ee\/wp-content\/uploads\/2023\/03\/2C1D54C6-2C16-4753-AB52-E387241AF6DE-2048x1463.jpeg 2048w\" sizes=\"auto, (max-width: 300px) 100vw, 300px\" \/><\/p>","protected":false},"excerpt":{"rendered":"<p>Kui tunned, et saan sulle toeks olla, siis kirjuta doula@neljastrimester.ee, helista +37251980345 v\u00f5i v\u00f5ta \u00fchendust l\u00e4bi kontaktivormi.\u00a0 S\u00fcnnitusj\u00e4rgse plaani koostamise aja ja teised online-kohtumised saad broneerida otse kalendrist. Kontaktivorm S\u00fcnnitusj\u00e4rgne plaan, e-toetus \u2728\u00a0Olen siin, et aidata planeerida ja luua sinu s\u00fcnnitusj\u00e4rgsesse aega \u00f5rnust, hoitust, hoolitsusi ja uusi teadmisi. Sinu Doula Daisi<\/p>","protected":false},"author":1,"featured_media":0,"parent":0,"menu_order":0,"comment_status":"closed","ping_status":"closed","template":"","meta":{"site-sidebar-layout":"default","site-content-layout":"plain-container","ast-site-content-layout":"normal-width-container","site-content-style":"unboxed","site-sidebar-style":"unboxed","ast-global-header-display":"","ast-banner-title-visibility":"","ast-main-header-display":"","ast-hfb-above-header-display":"","ast-hfb-below-header-display":"","ast-hfb-mobile-header-display":"","site-post-title":"disabled","ast-breadcrumbs-content":"","ast-featured-img":"disabled","footer-sml-layout":"","ast-disable-related-posts":"","theme-transparent-header-meta":"default","adv-header-id-meta":"","stick-header-meta":"","header-above-stick-meta":"","header-main-stick-meta":"","header-below-stick-meta":"","astra-migrate-meta-layouts":"set","ast-page-background-enabled":"default","ast-page-background-meta":{"desktop":{"background-color":"var(--ast-global-color-4)","background-image":"","background-repeat":"repeat","background-position":"center center","background-size":"auto","background-attachment":"scroll","background-type":"","background-media":"","overlay-type":"","overlay-color":"","overlay-opacity":"","overlay-gradient":""},"tablet":{"background-color":"","background-image":"","background-repeat":"repeat","background-position":"center center","background-size":"auto","background-attachment":"scroll","background-type":"","background-media":"","overlay-type":"","overlay-color":"","overlay-opacity":"","overlay-gradient":""},"mobile":{"background-color":"","background-image":"","background-repeat":"repeat","background-position":"center center","background-size":"auto","background-attachment":"scroll","background-type":"","background-media":"","overlay-type":"","overlay-color":"","overlay-opacity":"","overlay-gradient":""}},"ast-content-background-meta":{"desktop":{"background-color":"var(--ast-global-color-5)","background-image":"","background-repeat":"repeat","background-position":"center center","background-size":"auto","background-attachment":"scroll","background-type":"","background-media":"","overlay-type":"","overlay-color":"","overlay-opacity":"","overlay-gradient":""},"tablet":{"background-color":"var(--ast-global-color-5)","background-image":"","background-repeat":"repeat","background-position":"center center","background-size":"auto","background-attachment":"scroll","background-type":"","background-media":"","overlay-type":"","overlay-color":"","overlay-opacity":"","overlay-gradient":""},"mobile":{"background-color":"var(--ast-global-color-5)","background-image":"","background-repeat":"repeat","background-position":"center center","background-size":"auto","background-attachment":"scroll","background-type":"","background-media":"","overlay-type":"","overlay-color":"","overlay-opacity":"","overlay-gradient":""}},"footnotes":""},"class_list":["post-23","page","type-page","status-publish","hentry"],"yoast_head":"<!-- This site is optimized with the Yoast SEO plugin v27.4 - https:\/\/yoast.com\/product\/yoast-seo-wordpress\/ -->\n<title>Broneeri online-n\u00f5ustamine v\u00f5i koduvisiit \u2013 Neljas Trimester<\/title>\n<meta name=\"description\" content=\"Broneeri online-n\u00f5ustamine v\u00f5i koduvisiit. S\u00fcnnitusj\u00e4rgne tugi, massaa\u017e, imetamisn\u00f5ustamine ja doula hoolitsused sinu vajadustest l\u00e4htudes.\" \/>\n<meta name=\"robots\" content=\"index, follow, max-snippet:-1, max-image-preview:large, max-video-preview:-1\" \/>\n<link rel=\"canonical\" href=\"https:\/\/neljastrimester.ee\/en\/broneeri-sunnitusjargne-toetus\/\" \/>\n<meta property=\"og:locale\" content=\"en_GB\" \/>\n<meta property=\"og:type\" content=\"article\" \/>\n<meta property=\"og:title\" content=\"Broneeri online-n\u00f5ustamine v\u00f5i koduvisiit \u2013 Neljas Trimester\" \/>\n<meta property=\"og:description\" content=\"Broneeri online-n\u00f5ustamine v\u00f5i koduvisiit. S\u00fcnnitusj\u00e4rgne tugi, massaa\u017e, imetamisn\u00f5ustamine ja doula hoolitsused sinu vajadustest l\u00e4htudes.\" \/>\n<meta property=\"og:url\" content=\"https:\/\/neljastrimester.ee\/en\/broneeri-sunnitusjargne-toetus\/\" \/>\n<meta property=\"og:site_name\" content=\"Doula Daisi - s\u00fcnnitusj\u00e4rgne tugi\" \/>\n<meta property=\"article:publisher\" content=\"https:\/\/www.facebook.com\/douladaisi\" \/>\n<meta property=\"article:modified_time\" content=\"2026-01-26T23:08:06+00:00\" \/>\n<meta property=\"og:image\" content=\"https:\/\/neljastrimester.ee\/wp-content\/uploads\/2023\/03\/2C1D54C6-2C16-4753-AB52-E387241AF6DE-300x214.jpeg\" \/>\n<meta name=\"twitter:card\" content=\"summary_large_image\" \/>\n<meta name=\"twitter:label1\" content=\"Estimated reading time\" \/>\n\t<meta name=\"twitter:data1\" content=\"1 minute\" \/>\n<script type=\"application\/ld+json\" class=\"yoast-schema-graph\">{\"@context\":\"https:\\\/\\\/schema.org\",\"@graph\":[{\"@type\":\"WebPage\",\"@id\":\"https:\\\/\\\/neljastrimester.ee\\\/en\\\/broneeri-sunnitusjargne-toetus\\\/\",\"url\":\"https:\\\/\\\/neljastrimester.ee\\\/en\\\/broneeri-sunnitusjargne-toetus\\\/\",\"name\":\"Broneeri online-n\u00f5ustamine v\u00f5i koduvisiit \u2013 Neljas Trimester\",\"isPartOf\":{\"@id\":\"https:\\\/\\\/neljastrimester.ee\\\/#website\"},\"primaryImageOfPage\":{\"@id\":\"https:\\\/\\\/neljastrimester.ee\\\/en\\\/broneeri-sunnitusjargne-toetus\\\/#primaryimage\"},\"image\":{\"@id\":\"https:\\\/\\\/neljastrimester.ee\\\/en\\\/broneeri-sunnitusjargne-toetus\\\/#primaryimage\"},\"thumbnailUrl\":\"https:\\\/\\\/neljastrimester.ee\\\/wp-content\\\/uploads\\\/2023\\\/03\\\/2C1D54C6-2C16-4753-AB52-E387241AF6DE-300x214.jpeg\",\"datePublished\":\"2023-03-21T10:22:41+00:00\",\"dateModified\":\"2026-01-26T23:08:06+00:00\",\"description\":\"Broneeri online-n\u00f5ustamine v\u00f5i koduvisiit. S\u00fcnnitusj\u00e4rgne tugi, massaa\u017e, imetamisn\u00f5ustamine ja doula hoolitsused sinu vajadustest l\u00e4htudes.\",\"breadcrumb\":{\"@id\":\"https:\\\/\\\/neljastrimester.ee\\\/en\\\/broneeri-sunnitusjargne-toetus\\\/#breadcrumb\"},\"inLanguage\":\"en-GB\",\"potentialAction\":[{\"@type\":\"ReadAction\",\"target\":[\"https:\\\/\\\/neljastrimester.ee\\\/en\\\/broneeri-sunnitusjargne-toetus\\\/\"]}]},{\"@type\":\"ImageObject\",\"inLanguage\":\"en-GB\",\"@id\":\"https:\\\/\\\/neljastrimester.ee\\\/en\\\/broneeri-sunnitusjargne-toetus\\\/#primaryimage\",\"url\":\"https:\\\/\\\/neljastrimester.ee\\\/wp-content\\\/uploads\\\/2023\\\/03\\\/2C1D54C6-2C16-4753-AB52-E387241AF6DE-300x214.jpeg\",\"contentUrl\":\"https:\\\/\\\/neljastrimester.ee\\\/wp-content\\\/uploads\\\/2023\\\/03\\\/2C1D54C6-2C16-4753-AB52-E387241AF6DE-300x214.jpeg\"},{\"@type\":\"BreadcrumbList\",\"@id\":\"https:\\\/\\\/neljastrimester.ee\\\/en\\\/broneeri-sunnitusjargne-toetus\\\/#breadcrumb\",\"itemListElement\":[{\"@type\":\"ListItem\",\"position\":1,\"name\":\"Home\",\"item\":\"https:\\\/\\\/neljastrimester.ee\\\/\"},{\"@type\":\"ListItem\",\"position\":2,\"name\":\"Broneeri toetus\"}]},{\"@type\":\"WebSite\",\"@id\":\"https:\\\/\\\/neljastrimester.ee\\\/#website\",\"url\":\"https:\\\/\\\/neljastrimester.ee\\\/\",\"name\":\"Doula Daisi - s\u00fcnnitusj\u00e4rgne tugi, imetamisn\u00f5ustamine\",\"description\":\"S\u00fcnnitusj\u00e4rgne plaan, beebipeod, imetamisn\u00f5ustamine\",\"publisher\":{\"@id\":\"https:\\\/\\\/neljastrimester.ee\\\/#organization\"},\"potentialAction\":[{\"@type\":\"SearchAction\",\"target\":{\"@type\":\"EntryPoint\",\"urlTemplate\":\"https:\\\/\\\/neljastrimester.ee\\\/?s={search_term_string}\"},\"query-input\":{\"@type\":\"PropertyValueSpecification\",\"valueRequired\":true,\"valueName\":\"search_term_string\"}}],\"inLanguage\":\"en-GB\"},{\"@type\":\"Organization\",\"@id\":\"https:\\\/\\\/neljastrimester.ee\\\/#organization\",\"name\":\"Doula Daisi - s\u00fcnnitusj\u00e4rgne tugi, imetamisn\u00f5ustamine\",\"url\":\"https:\\\/\\\/neljastrimester.ee\\\/\",\"logo\":{\"@type\":\"ImageObject\",\"inLanguage\":\"en-GB\",\"@id\":\"https:\\\/\\\/neljastrimester.ee\\\/#\\\/schema\\\/logo\\\/image\\\/\",\"url\":\"https:\\\/\\\/neljastrimester.ee\\\/wp-content\\\/uploads\\\/2023\\\/08\\\/Doula-Daisi_LOGO.jpg\",\"contentUrl\":\"https:\\\/\\\/neljastrimester.ee\\\/wp-content\\\/uploads\\\/2023\\\/08\\\/Doula-Daisi_LOGO.jpg\",\"width\":533,\"height\":533,\"caption\":\"Doula Daisi - s\u00fcnnitusj\u00e4rgne tugi, imetamisn\u00f5ustamine\"},\"image\":{\"@id\":\"https:\\\/\\\/neljastrimester.ee\\\/#\\\/schema\\\/logo\\\/image\\\/\"},\"sameAs\":[\"https:\\\/\\\/www.facebook.com\\\/douladaisi\",\"https:\\\/\\\/instagram.com\\\/douladaisi\"]}]}<\/script>\n<!-- \/ Yoast SEO plugin. -->","yoast_head_json":{"title":"Broneeri online-n\u00f5ustamine v\u00f5i koduvisiit \u2013 Neljas Trimester","description":"Broneeri online-n\u00f5ustamine v\u00f5i koduvisiit. S\u00fcnnitusj\u00e4rgne tugi, massaa\u017e, imetamisn\u00f5ustamine ja doula hoolitsused sinu vajadustest l\u00e4htudes.","robots":{"index":"index","follow":"follow","max-snippet":"max-snippet:-1","max-image-preview":"max-image-preview:large","max-video-preview":"max-video-preview:-1"},"canonical":"https:\/\/neljastrimester.ee\/en\/broneeri-sunnitusjargne-toetus\/","og_locale":"en_GB","og_type":"article","og_title":"Broneeri online-n\u00f5ustamine v\u00f5i koduvisiit \u2013 Neljas Trimester","og_description":"Broneeri online-n\u00f5ustamine v\u00f5i koduvisiit. S\u00fcnnitusj\u00e4rgne tugi, massaa\u017e, imetamisn\u00f5ustamine ja doula hoolitsused sinu vajadustest l\u00e4htudes.","og_url":"https:\/\/neljastrimester.ee\/en\/broneeri-sunnitusjargne-toetus\/","og_site_name":"Doula Daisi - s\u00fcnnitusj\u00e4rgne tugi","article_publisher":"https:\/\/www.facebook.com\/douladaisi","article_modified_time":"2026-01-26T23:08:06+00:00","og_image":[{"url":"https:\/\/neljastrimester.ee\/wp-content\/uploads\/2023\/03\/2C1D54C6-2C16-4753-AB52-E387241AF6DE-300x214.jpeg","type":"","width":"","height":""}],"twitter_card":"summary_large_image","twitter_misc":{"Estimated reading time":"1 minute"},"schema":{"@context":"https:\/\/schema.org","@graph":[{"@type":"WebPage","@id":"https:\/\/neljastrimester.ee\/en\/broneeri-sunnitusjargne-toetus\/","url":"https:\/\/neljastrimester.ee\/en\/broneeri-sunnitusjargne-toetus\/","name":"Broneeri online-n\u00f5ustamine v\u00f5i koduvisiit \u2013 Neljas Trimester","isPartOf":{"@id":"https:\/\/neljastrimester.ee\/#website"},"primaryImageOfPage":{"@id":"https:\/\/neljastrimester.ee\/en\/broneeri-sunnitusjargne-toetus\/#primaryimage"},"image":{"@id":"https:\/\/neljastrimester.ee\/en\/broneeri-sunnitusjargne-toetus\/#primaryimage"},"thumbnailUrl":"https:\/\/neljastrimester.ee\/wp-content\/uploads\/2023\/03\/2C1D54C6-2C16-4753-AB52-E387241AF6DE-300x214.jpeg","datePublished":"2023-03-21T10:22:41+00:00","dateModified":"2026-01-26T23:08:06+00:00","description":"Broneeri online-n\u00f5ustamine v\u00f5i koduvisiit. S\u00fcnnitusj\u00e4rgne tugi, massaa\u017e, imetamisn\u00f5ustamine ja doula hoolitsused sinu vajadustest l\u00e4htudes.","breadcrumb":{"@id":"https:\/\/neljastrimester.ee\/en\/broneeri-sunnitusjargne-toetus\/#breadcrumb"},"inLanguage":"en-GB","potentialAction":[{"@type":"ReadAction","target":["https:\/\/neljastrimester.ee\/en\/broneeri-sunnitusjargne-toetus\/"]}]},{"@type":"ImageObject","inLanguage":"en-GB","@id":"https:\/\/neljastrimester.ee\/en\/broneeri-sunnitusjargne-toetus\/#primaryimage","url":"https:\/\/neljastrimester.ee\/wp-content\/uploads\/2023\/03\/2C1D54C6-2C16-4753-AB52-E387241AF6DE-300x214.jpeg","contentUrl":"https:\/\/neljastrimester.ee\/wp-content\/uploads\/2023\/03\/2C1D54C6-2C16-4753-AB52-E387241AF6DE-300x214.jpeg"},{"@type":"BreadcrumbList","@id":"https:\/\/neljastrimester.ee\/en\/broneeri-sunnitusjargne-toetus\/#breadcrumb","itemListElement":[{"@type":"ListItem","position":1,"name":"Home","item":"https:\/\/neljastrimester.ee\/"},{"@type":"ListItem","position":2,"name":"Broneeri toetus"}]},{"@type":"WebSite","@id":"https:\/\/neljastrimester.ee\/#website","url":"https:\/\/neljastrimester.ee\/","name":"Doula Daisi - postpartum doula, day doula, night doula, lactation consultant","description":"S\u00fcnnitusj\u00e4rgne plaan, beebipeod, imetamisn\u00f5ustamine","publisher":{"@id":"https:\/\/neljastrimester.ee\/#organization"},"potentialAction":[{"@type":"SearchAction","target":{"@type":"EntryPoint","urlTemplate":"https:\/\/neljastrimester.ee\/?s={search_term_string}"},"query-input":{"@type":"PropertyValueSpecification","valueRequired":true,"valueName":"search_term_string"}}],"inLanguage":"en-GB"},{"@type":"Organization","@id":"https:\/\/neljastrimester.ee\/#organization","name":"Doula Daisi - postpartum doula, day doula, night doula, lactation consultant","url":"https:\/\/neljastrimester.ee\/","logo":{"@type":"ImageObject","inLanguage":"en-GB","@id":"https:\/\/neljastrimester.ee\/#\/schema\/logo\/image\/","url":"https:\/\/neljastrimester.ee\/wp-content\/uploads\/2023\/08\/Doula-Daisi_LOGO.jpg","contentUrl":"https:\/\/neljastrimester.ee\/wp-content\/uploads\/2023\/08\/Doula-Daisi_LOGO.jpg","width":533,"height":533,"caption":"Doula Daisi - s\u00fcnnitusj\u00e4rgne tugi, imetamisn\u00f5ustamine"},"image":{"@id":"https:\/\/neljastrimester.ee\/#\/schema\/logo\/image\/"},"sameAs":["https:\/\/www.facebook.com\/douladaisi","https:\/\/instagram.com\/douladaisi"]}]}},"_links":{"self":[{"href":"https:\/\/neljastrimester.ee\/en\/wp-json\/wp\/v2\/pages\/23","targetHints":{"allow":["GET"]}}],"collection":[{"href":"https:\/\/neljastrimester.ee\/en\/wp-json\/wp\/v2\/pages"}],"about":[{"href":"https:\/\/neljastrimester.ee\/en\/wp-json\/wp\/v2\/types\/page"}],"author":[{"embeddable":true,"href":"https:\/\/neljastrimester.ee\/en\/wp-json\/wp\/v2\/users\/1"}],"replies":[{"embeddable":true,"href":"https:\/\/neljastrimester.ee\/en\/wp-json\/wp\/v2\/comments?post=23"}],"version-history":[{"count":5,"href":"https:\/\/neljastrimester.ee\/en\/wp-json\/wp\/v2\/pages\/23\/revisions"}],"predecessor-version":[{"id":519,"href":"https:\/\/neljastrimester.ee\/en\/wp-json\/wp\/v2\/pages\/23\/revisions\/519"}],"wp:attachment":[{"href":"https:\/\/neljastrimester.ee\/en\/wp-json\/wp\/v2\/media?parent=23"}],"curies":[{"name":"wp","href":"https:\/\/api.w.org\/{rel}","templated":true}]}}