{"id":1522,"date":"2026-02-17T19:16:43","date_gmt":"2026-02-17T19:16:43","guid":{"rendered":"https:\/\/www.neljastrimester.ee\/?page_id=1522"},"modified":"2026-03-02T08:46:59","modified_gmt":"2026-03-02T08:46:59","slug":"42-paeva","status":"publish","type":"page","link":"https:\/\/neljastrimester.ee\/en\/42-paeva\/","title":{"rendered":"42 Sacred Days"},"content":{"rendered":"<p>In Ayurveda, it is believed that the first 42 days after birth lay the foundation for the next 42 years.<\/p>\n<p>That\u2019s why I will soon be offering a truly held full-support package for families for the first six weeks\u2014the most sacred and sensitive time.<\/p>\n<p>Given the depth of support this package provides and my full commitment, I can offer it to only one family at a time.<\/p>\n<p>If you feel that regular oil massages, baths, belly binding, rest, a recovery-supporting menu, and emotional support are for you, send me a message or start following me on Instagram or Facebook @douladaisi. Since such a comprehensive support package is unique in Estonia, preparing it takes a little time\u2014but I can already mark your interest in my calendar.<\/p>","protected":false},"excerpt":{"rendered":"<p>Ajurveedas usutakse, et esimesed 42 p\u00e4eva p\u00e4rast s\u00fcnnitust laovad vundamendi 42 j\u00e4rgnevale aastale. Seet\u00f5ttu olen peagi pakkumas t\u00f5eliselt hoitud t\u00e4ishoolitsuse paketti peredele esimeseks 6 n\u00e4dalaks ehk k\u00f5ige p\u00fchamaks ja tundlikumaks ajaks. Arvestades paketiga pakutava toetuse s\u00fcgavust ja minu p\u00fchendumust saan korraga pakkuda seda vaid \u00fchele perele. Kui tunned, et regulaarsed \u00f5limassaa\u017eid, vannid, k\u00f5hu sidumine, puhkus, [&hellip;]<\/p>\n","protected":false},"author":2,"featured_media":0,"parent":0,"menu_order":0,"comment_status":"closed","ping_status":"closed","template":"","meta":{"site-sidebar-layout":"default","site-content-layout":"","ast-site-content-layout":"default","site-content-style":"default","site-sidebar-style":"default","ast-global-header-display":"","ast-banner-title-visibility":"","ast-main-header-display":"","ast-hfb-above-header-display":"","ast-hfb-below-header-display":"","ast-hfb-mobile-header-display":"","site-post-title":"","ast-breadcrumbs-content":"","ast-featured-img":"","footer-sml-layout":"","ast-disable-related-posts":"","theme-transparent-header-meta":"default","adv-header-id-meta":"","stick-header-meta":"","header-above-stick-meta":"","header-main-stick-meta":"","header-below-stick-meta":"","astra-migrate-meta-layouts":"set","ast-page-background-enabled":"default","ast-page-background-meta":{"desktop":{"background-color":"var(--ast-global-color-4)","background-image":"","background-repeat":"repeat","background-position":"center center","background-size":"auto","background-attachment":"scroll","background-type":"","background-media":"","overlay-type":"","overlay-color":"","overlay-opacity":"","overlay-gradient":""},"tablet":{"background-color":"","background-image":"","background-repeat":"repeat","background-position":"center center","background-size":"auto","background-attachment":"scroll","background-type":"","background-media":"","overlay-type":"","overlay-color":"","overlay-opacity":"","overlay-gradient":""},"mobile":{"background-color":"","background-image":"","background-repeat":"repeat","background-position":"center center","background-size":"auto","background-attachment":"scroll","background-type":"","background-media":"","overlay-type":"","overlay-color":"","overlay-opacity":"","overlay-gradient":""}},"ast-content-background-meta":{"desktop":{"background-color":"var(--ast-global-color-5)","background-image":"","background-repeat":"repeat","background-position":"center center","background-size":"auto","background-attachment":"scroll","background-type":"","background-media":"","overlay-type":"","overlay-color":"","overlay-opacity":"","overlay-gradient":""},"tablet":{"background-color":"var(--ast-global-color-5)","background-image":"","background-repeat":"repeat","background-position":"center center","background-size":"auto","background-attachment":"scroll","background-type":"","background-media":"","overlay-type":"","overlay-color":"","overlay-opacity":"","overlay-gradient":""},"mobile":{"background-color":"var(--ast-global-color-5)","background-image":"","background-repeat":"repeat","background-position":"center center","background-size":"auto","background-attachment":"scroll","background-type":"","background-media":"","overlay-type":"","overlay-color":"","overlay-opacity":"","overlay-gradient":""}},"footnotes":""},"class_list":["post-1522","page","type-page","status-publish","hentry"],"yoast_head":"<!-- This site is optimized with the Yoast SEO plugin v26.8 - https:\/\/yoast.com\/product\/yoast-seo-wordpress\/ -->\n<title>42 hoitud p\u00e4eva - Doula Daisi - s\u00fcnnitusj\u00e4rgne tugi<\/title>\n<meta name=\"robots\" content=\"index, follow, max-snippet:-1, max-image-preview:large, max-video-preview:-1\" \/>\n<link rel=\"canonical\" href=\"http:\/\/www.neljastrimester.ee\/en\/42-paeva\/\" \/>\n<meta property=\"og:locale\" content=\"en_GB\" \/>\n<meta property=\"og:type\" content=\"article\" \/>\n<meta property=\"og:title\" content=\"42 hoitud p\u00e4eva - Doula Daisi - s\u00fcnnitusj\u00e4rgne tugi\" \/>\n<meta property=\"og:description\" content=\"Ajurveedas usutakse, et esimesed 42 p\u00e4eva p\u00e4rast s\u00fcnnitust laovad vundamendi 42 j\u00e4rgnevale aastale. Seet\u00f5ttu olen peagi pakkumas t\u00f5eliselt hoitud t\u00e4ishoolitsuse paketti peredele esimeseks 6 n\u00e4dalaks ehk k\u00f5ige p\u00fchamaks ja tundlikumaks ajaks. Arvestades paketiga pakutava toetuse s\u00fcgavust ja minu p\u00fchendumust saan korraga pakkuda seda vaid \u00fchele perele. Kui tunned, et regulaarsed \u00f5limassaa\u017eid, vannid, k\u00f5hu sidumine, puhkus, [&hellip;]\" \/>\n<meta property=\"og:url\" content=\"http:\/\/www.neljastrimester.ee\/en\/42-paeva\/\" \/>\n<meta property=\"og:site_name\" content=\"Doula Daisi - s\u00fcnnitusj\u00e4rgne tugi\" \/>\n<meta property=\"article:publisher\" content=\"https:\/\/www.facebook.com\/douladaisi\" \/>\n<meta property=\"article:modified_time\" content=\"2026-03-02T08:46:59+00:00\" \/>\n<meta name=\"twitter:card\" content=\"summary_large_image\" \/>\n<meta name=\"twitter:label1\" content=\"Estimated reading time\" \/>\n\t<meta name=\"twitter:data1\" content=\"1 minute\" \/>\n<script type=\"application\/ld+json\" class=\"yoast-schema-graph\">{\"@context\":\"https:\/\/schema.org\",\"@graph\":[{\"@type\":\"WebPage\",\"@id\":\"http:\/\/www.neljastrimester.ee\/en\/42-paeva\/\",\"url\":\"http:\/\/www.neljastrimester.ee\/en\/42-paeva\/\",\"name\":\"42 hoitud p\u00e4eva - Doula Daisi - s\u00fcnnitusj\u00e4rgne tugi\",\"isPartOf\":{\"@id\":\"https:\/\/neljastrimester.ee\/#website\"},\"datePublished\":\"2026-02-17T19:16:43+00:00\",\"dateModified\":\"2026-03-02T08:46:59+00:00\",\"breadcrumb\":{\"@id\":\"http:\/\/www.neljastrimester.ee\/en\/42-paeva\/#breadcrumb\"},\"inLanguage\":\"en-GB\",\"potentialAction\":[{\"@type\":\"ReadAction\",\"target\":[\"http:\/\/www.neljastrimester.ee\/en\/42-paeva\/\"]}]},{\"@type\":\"BreadcrumbList\",\"@id\":\"http:\/\/www.neljastrimester.ee\/en\/42-paeva\/#breadcrumb\",\"itemListElement\":[{\"@type\":\"ListItem\",\"position\":1,\"name\":\"Home\",\"item\":\"https:\/\/neljastrimester.ee\/\"},{\"@type\":\"ListItem\",\"position\":2,\"name\":\"42 hoitud p\u00e4eva\"}]},{\"@type\":\"WebSite\",\"@id\":\"https:\/\/neljastrimester.ee\/#website\",\"url\":\"https:\/\/neljastrimester.ee\/\",\"name\":\"Doula Daisi - s\u00fcnnitusj\u00e4rgne tugi, imetamisn\u00f5ustamine\",\"description\":\"S\u00fcnnitusj\u00e4rgne plaan, beebipeod, imetamisn\u00f5ustamine\",\"publisher\":{\"@id\":\"https:\/\/neljastrimester.ee\/#organization\"},\"potentialAction\":[{\"@type\":\"SearchAction\",\"target\":{\"@type\":\"EntryPoint\",\"urlTemplate\":\"https:\/\/neljastrimester.ee\/?s={search_term_string}\"},\"query-input\":{\"@type\":\"PropertyValueSpecification\",\"valueRequired\":true,\"valueName\":\"search_term_string\"}}],\"inLanguage\":\"en-GB\"},{\"@type\":\"Organization\",\"@id\":\"https:\/\/neljastrimester.ee\/#organization\",\"name\":\"Doula Daisi - s\u00fcnnitusj\u00e4rgne tugi, imetamisn\u00f5ustamine\",\"url\":\"https:\/\/neljastrimester.ee\/\",\"logo\":{\"@type\":\"ImageObject\",\"inLanguage\":\"en-GB\",\"@id\":\"https:\/\/neljastrimester.ee\/#\/schema\/logo\/image\/\",\"url\":\"https:\/\/neljastrimester.ee\/wp-content\/uploads\/2023\/08\/Doula-Daisi_LOGO.jpg\",\"contentUrl\":\"https:\/\/neljastrimester.ee\/wp-content\/uploads\/2023\/08\/Doula-Daisi_LOGO.jpg\",\"width\":533,\"height\":533,\"caption\":\"Doula Daisi - s\u00fcnnitusj\u00e4rgne tugi, imetamisn\u00f5ustamine\"},\"image\":{\"@id\":\"https:\/\/neljastrimester.ee\/#\/schema\/logo\/image\/\"},\"sameAs\":[\"https:\/\/www.facebook.com\/douladaisi\",\"https:\/\/instagram.com\/douladaisi\"]}]}<\/script>\n<!-- \/ Yoast SEO plugin. -->","yoast_head_json":{"title":"42 hoitud p\u00e4eva - Doula Daisi - s\u00fcnnitusj\u00e4rgne tugi","robots":{"index":"index","follow":"follow","max-snippet":"max-snippet:-1","max-image-preview":"max-image-preview:large","max-video-preview":"max-video-preview:-1"},"canonical":"http:\/\/www.neljastrimester.ee\/en\/42-paeva\/","og_locale":"en_GB","og_type":"article","og_title":"42 hoitud p\u00e4eva - Doula Daisi - s\u00fcnnitusj\u00e4rgne tugi","og_description":"Ajurveedas usutakse, et esimesed 42 p\u00e4eva p\u00e4rast s\u00fcnnitust laovad vundamendi 42 j\u00e4rgnevale aastale. Seet\u00f5ttu olen peagi pakkumas t\u00f5eliselt hoitud t\u00e4ishoolitsuse paketti peredele esimeseks 6 n\u00e4dalaks ehk k\u00f5ige p\u00fchamaks ja tundlikumaks ajaks. Arvestades paketiga pakutava toetuse s\u00fcgavust ja minu p\u00fchendumust saan korraga pakkuda seda vaid \u00fchele perele. Kui tunned, et regulaarsed \u00f5limassaa\u017eid, vannid, k\u00f5hu sidumine, puhkus, [&hellip;]","og_url":"http:\/\/www.neljastrimester.ee\/en\/42-paeva\/","og_site_name":"Doula Daisi - s\u00fcnnitusj\u00e4rgne tugi","article_publisher":"https:\/\/www.facebook.com\/douladaisi","article_modified_time":"2026-03-02T08:46:59+00:00","twitter_card":"summary_large_image","twitter_misc":{"Estimated reading time":"1 minute"},"schema":{"@context":"https:\/\/schema.org","@graph":[{"@type":"WebPage","@id":"http:\/\/www.neljastrimester.ee\/en\/42-paeva\/","url":"http:\/\/www.neljastrimester.ee\/en\/42-paeva\/","name":"42 hoitud p\u00e4eva - Doula Daisi - s\u00fcnnitusj\u00e4rgne tugi","isPartOf":{"@id":"https:\/\/neljastrimester.ee\/#website"},"datePublished":"2026-02-17T19:16:43+00:00","dateModified":"2026-03-02T08:46:59+00:00","breadcrumb":{"@id":"http:\/\/www.neljastrimester.ee\/en\/42-paeva\/#breadcrumb"},"inLanguage":"en-GB","potentialAction":[{"@type":"ReadAction","target":["http:\/\/www.neljastrimester.ee\/en\/42-paeva\/"]}]},{"@type":"BreadcrumbList","@id":"http:\/\/www.neljastrimester.ee\/en\/42-paeva\/#breadcrumb","itemListElement":[{"@type":"ListItem","position":1,"name":"Home","item":"https:\/\/neljastrimester.ee\/"},{"@type":"ListItem","position":2,"name":"42 hoitud p\u00e4eva"}]},{"@type":"WebSite","@id":"https:\/\/neljastrimester.ee\/#website","url":"https:\/\/neljastrimester.ee\/","name":"Doula Daisi - postpartum doula, day doula, night doula, lactation consultant","description":"S\u00fcnnitusj\u00e4rgne plaan, beebipeod, imetamisn\u00f5ustamine","publisher":{"@id":"https:\/\/neljastrimester.ee\/#organization"},"potentialAction":[{"@type":"SearchAction","target":{"@type":"EntryPoint","urlTemplate":"https:\/\/neljastrimester.ee\/?s={search_term_string}"},"query-input":{"@type":"PropertyValueSpecification","valueRequired":true,"valueName":"search_term_string"}}],"inLanguage":"en-GB"},{"@type":"Organization","@id":"https:\/\/neljastrimester.ee\/#organization","name":"Doula Daisi - postpartum doula, day doula, night doula, lactation consultant","url":"https:\/\/neljastrimester.ee\/","logo":{"@type":"ImageObject","inLanguage":"en-GB","@id":"https:\/\/neljastrimester.ee\/#\/schema\/logo\/image\/","url":"https:\/\/neljastrimester.ee\/wp-content\/uploads\/2023\/08\/Doula-Daisi_LOGO.jpg","contentUrl":"https:\/\/neljastrimester.ee\/wp-content\/uploads\/2023\/08\/Doula-Daisi_LOGO.jpg","width":533,"height":533,"caption":"Doula Daisi - s\u00fcnnitusj\u00e4rgne tugi, imetamisn\u00f5ustamine"},"image":{"@id":"https:\/\/neljastrimester.ee\/#\/schema\/logo\/image\/"},"sameAs":["https:\/\/www.facebook.com\/douladaisi","https:\/\/instagram.com\/douladaisi"]}]}},"_links":{"self":[{"href":"https:\/\/neljastrimester.ee\/en\/wp-json\/wp\/v2\/pages\/1522","targetHints":{"allow":["GET"]}}],"collection":[{"href":"https:\/\/neljastrimester.ee\/en\/wp-json\/wp\/v2\/pages"}],"about":[{"href":"https:\/\/neljastrimester.ee\/en\/wp-json\/wp\/v2\/types\/page"}],"author":[{"embeddable":true,"href":"https:\/\/neljastrimester.ee\/en\/wp-json\/wp\/v2\/users\/2"}],"replies":[{"embeddable":true,"href":"https:\/\/neljastrimester.ee\/en\/wp-json\/wp\/v2\/comments?post=1522"}],"version-history":[{"count":5,"href":"https:\/\/neljastrimester.ee\/en\/wp-json\/wp\/v2\/pages\/1522\/revisions"}],"predecessor-version":[{"id":1532,"href":"https:\/\/neljastrimester.ee\/en\/wp-json\/wp\/v2\/pages\/1522\/revisions\/1532"}],"wp:attachment":[{"href":"https:\/\/neljastrimester.ee\/en\/wp-json\/wp\/v2\/media?parent=1522"}],"curies":[{"name":"wp","href":"https:\/\/api.w.org\/{rel}","templated":true}]}}